{"id":39,"date":"2023-01-16T13:14:25","date_gmt":"2023-01-16T13:14:25","guid":{"rendered":"https:\/\/island-hopping-croatia.com\/about-us\/"},"modified":"2024-07-30T06:41:29","modified_gmt":"2024-07-30T06:41:29","slug":"om-oss","status":"publish","type":"page","link":"https:\/\/island-hopping-croatia.com\/nb\/about-us\/","title":{"rendered":"Om oss"},"content":{"rendered":"<p>Etter \u00e5 ha jobbet i reiselivsbransjen i en \u00e5rrekke, fikk jeg lyst til \u00e5 skape noe nytt. <strong>helt unik<\/strong>som gjenspeiler min kreative \u00e5nd, har alltid brent i meg. Kroatia, en evigvarende<strong> favorittsommerdestinasjon<\/strong>har fengslet meg med sine rullesteinstrender, krystallklart vann, rikelig med solskinn og deilig mat.<\/p>\n\n\n\n<p>Men som en eventyrlysten sjel fors\u00f8ker jeg hele tiden \u00e5 tilf\u00f8re feriene mine noe nytt <strong>s\u00e6regne opplevelser<\/strong>. Kroatias <strong>pittoresk kystlinje<\/strong> og \u00f8yene er det perfekte bakteppet for eventyr. Derfor har konseptet med \u00f8yhopping i Kroatia alltid begeistret meg. Etableringen av Island Hopping Croatia gj\u00f8r det mulig for meg \u00e5 dele mine<strong> dyp kunnskap<\/strong> i Kroatia og hjelpe deg med \u00e5 planlegge ferien din, slik jeg har gjort for utallige andre.<\/p>\n\n\n\n<p>V\u00e5re m\u00f8ysommelig tilrettelagte turer er et resultat av <strong>mange \u00e5rs forskning og erfaring<\/strong>. Vi setter v\u00e5r \u00e6re i \u00e5 s\u00f8rge for at alle v\u00e5re kunder f\u00e5r en minneverdig reise og kanskje til og med blir gjengangere hos oss. <\/p>\n\n\n\n<figure class=\"wp-block-image size-full\"><img loading=\"lazy\" decoding=\"async\" width=\"700\" height=\"466\" src=\"https:\/\/island-hopping-croatia.com\/wp-content\/uploads\/island-x-.webp\" alt=\"\u00d8ya x\" class=\"wp-image-2162\" srcset=\"https:\/\/island-hopping-croatia.com\/wp-content\/uploads\/\/island-x-.webp 700w, https:\/\/island-hopping-croatia.com\/wp-content\/uploads\/\/island-x--300x200.webp 300w, https:\/\/island-hopping-croatia.com\/wp-content\/uploads\/\/island-x--18x12.webp 18w\" sizes=\"auto, (max-width: 700px) 100vw, 700px\" \/><figcaption class=\"wp-element-caption\">Oppdag Kroatias skjulte perler sammen med oss<\/figcaption><\/figure>\n\n\n\n<h2 class=\"wp-block-heading\">Et team av dedikerte reiseeksperter<\/h2>\n\n\n\n<p>I l\u00f8pet av \u00e5rene har jeg samlet en rekke <strong>dedikert team<\/strong> av mennesker som deler den samme gl\u00f8den for \u00e5 reise som meg. Sammen har vi forpliktet oss til \u00e5 hjelpe andre med \u00e5 realisere sine egne \u00f8nsker. <strong>dr\u00f8mmeferier<\/strong>. Med lang erfaring innen turisme har vi m\u00f8tt og l\u00f8st en rekke utfordringer.<\/p>\n\n\n\n<p>Vi er<strong> fullt forberedt<\/strong> til \u00e5 h\u00e5ndtere enhver situasjon som m\u00e5tte oppst\u00e5. V\u00e5r prim\u00e6re oppgave er \u00e5 effektivisere \u00f8yhoppingferien din, eliminere un\u00f8dvendige byrder og sikre en s\u00f8ml\u00f8s drift. Vi har en urokkelig <strong>tillit<\/strong> i v\u00e5r evne til \u00e5 oppn\u00e5 dette, noe de tusenvis av forn\u00f8yde kundene vi har betjent s\u00e5 langt er et bevis p\u00e5.<\/p>\n\n\n\n<figure class=\"wp-block-image size-full\"><img loading=\"lazy\" decoding=\"async\" width=\"700\" height=\"466\" src=\"https:\/\/island-hopping-croatia.com\/wp-content\/uploads\/shutterstock-x-.webp\" alt=\"Shutterstock x\" class=\"wp-image-2163\" srcset=\"https:\/\/island-hopping-croatia.com\/wp-content\/uploads\/\/shutterstock-x-.webp 700w, https:\/\/island-hopping-croatia.com\/wp-content\/uploads\/\/shutterstock-x--300x200.webp 300w, https:\/\/island-hopping-croatia.com\/wp-content\/uploads\/\/shutterstock-x--18x12.webp 18w\" sizes=\"auto, (max-width: 700px) 100vw, 700px\" \/><figcaption class=\"wp-element-caption\">Oppdag forskjellige byer p\u00e5 \u00f8yhoppingopplevelsen v\u00e5r.<\/figcaption><\/figure>\n\n\n\n<h2 class=\"wp-block-heading\">Bestill \u00f8yhopping-eventyret ditt!<\/h2>\n\n\n\n<p>Vi legger ut p\u00e5 et \u00f8yhopping-eventyr langs kysten av <strong>Adriaterhavskysten <\/strong>kunne ikke v\u00e6rt enklere. Velg den <strong>problemfri<\/strong> ved \u00e5 bestille en av turene v\u00e5re, s\u00e5 tar vi oss av alle detaljene. Alt fra \u00e5 sikre deg det rommet du foretrekker, til \u00e5 dele uvurderlig lokal innsikt og utvide <strong>support d\u00f8gnet rundt<\/strong>har vi alt du trenger.&nbsp;<\/p>\n\n\n\n<p>Ta en titt p\u00e5 v\u00e5rt utvalg av de beste \u00f8yhoppingturene i Kroatia, velg \u00f8nsket reisedato og ta kontakt med oss for \u00e5 starte bestillingsprosessen. Reisen din begynner med bare noen f\u00e5 klikk!<\/p>\n\n\n\n<p>Hvis du f\u00f8ler at v\u00e5re tjenester ikke passer for deg, kan du ta en titt p\u00e5 v\u00e5re samarbeidspartnere, som alle tilbyr en uforglemmelig ferie ved Kroatias kyst:<\/p>\n\n\n\n<ul class=\"wp-block-list\">\n<li><a href=\"https:\/\/croatiaislandcruises.com\/\">Cruise p\u00e5 \u00f8yer i Kroatia<\/a><\/li>\n\n\n\n<li><a href=\"https:\/\/luxuryyachtchartercroatia.com\/\">Leie av luksusyacht i Kroatia<\/a><\/li>\n\n\n\n<li><a href=\"https:\/\/croatia-gulet.com\/\">Gulet i Kroatia<\/a><\/li>\n\n\n\n<li><a href=\"https:\/\/smallshipcruisescroatia.com\/\">Sm\u00e5skipskryssinger i Kroatia<\/a><\/li>\n\n\n\n<li><a href=\"https:\/\/bikeandboatcroatia.com\/\">Sykkel og b\u00e5t Kroatia<\/a><\/li>\n<\/ul>\n\n\n\n<p>Det finnes ogs\u00e5 andre m\u00e5ter \u00e5 nyte Kroatia p\u00e5, s\u00e5 det er bare \u00e5 ta en titt p\u00e5 dem ogs\u00e5:<\/p>\n\n\n\n<ul class=\"wp-block-list\">\n<li><a href=\"https:\/\/croatia-tours.com\/\">Reiser til Kroatia<\/a><\/li>\n\n\n\n<li><a href=\"https:\/\/activityholidayscroatia.com\/\">Aktivitetsferier i Kroatia<\/a><\/li>\n\n\n\n<li><a href=\"https:\/\/familyholidayscroatia.com\/\">Familieferie i Kroatia<\/a><\/li>\n<\/ul>","protected":false},"excerpt":{"rendered":"<p>Etter \u00e5 ha jobbet i reiselivsbransjen i en \u00e5rrekke har jeg alltid hatt et brennende \u00f8nske om \u00e5 skape noe helt unikt som gjenspeiler min kreative \u00e5nd. Kroatia, som alltid har v\u00e6rt en favorittdestinasjon om sommeren, har fengslet meg med sine rullesteinstrender, krystallklart vann, rikelig med solskinn og deilig mat. Men som en eventyrlysten sjel s\u00f8ker jeg hele tiden \u00e5 tilf\u00f8re ... <a href=\"https:\/\/island-hopping-croatia.com\/nb\/about-us\/\">Fortsettelse<\/a><\/p>","protected":false},"author":38,"featured_media":2096,"parent":0,"menu_order":0,"comment_status":"open","ping_status":"open","template":"","meta":{"_acf_changed":false,"footnotes":""},"class_list":["post-39","page","type-page","status-publish","has-post-thumbnail","hentry"],"acf":{"page_subheading":"Welcome to Island hopping Croatia, where you can discover our mission, the story of our company's inception, and its evolution over the years."},"_links":{"self":[{"href":"https:\/\/island-hopping-croatia.com\/nb\/wp-json\/wp\/v2\/pages\/39","targetHints":{"allow":["GET"]}}],"collection":[{"href":"https:\/\/island-hopping-croatia.com\/nb\/wp-json\/wp\/v2\/pages"}],"about":[{"href":"https:\/\/island-hopping-croatia.com\/nb\/wp-json\/wp\/v2\/types\/page"}],"author":[{"embeddable":true,"href":"https:\/\/island-hopping-croatia.com\/nb\/wp-json\/wp\/v2\/users\/38"}],"replies":[{"embeddable":true,"href":"https:\/\/island-hopping-croatia.com\/nb\/wp-json\/wp\/v2\/comments?post=39"}],"version-history":[{"count":12,"href":"https:\/\/island-hopping-croatia.com\/nb\/wp-json\/wp\/v2\/pages\/39\/revisions"}],"predecessor-version":[{"id":7145,"href":"https:\/\/island-hopping-croatia.com\/nb\/wp-json\/wp\/v2\/pages\/39\/revisions\/7145"}],"wp:featuredmedia":[{"embeddable":true,"href":"https:\/\/island-hopping-croatia.com\/nb\/wp-json\/wp\/v2\/media\/2096"}],"wp:attachment":[{"href":"https:\/\/island-hopping-croatia.com\/nb\/wp-json\/wp\/v2\/media?parent=39"}],"curies":[{"name":"wp","href":"https:\/\/api.w.org\/{rel}","templated":true}]}}