{"id":39,"date":"2023-01-16T13:14:25","date_gmt":"2023-01-16T13:14:25","guid":{"rendered":"https:\/\/island-hopping-croatia.com\/about-us\/"},"modified":"2024-07-30T06:41:29","modified_gmt":"2024-07-30T06:41:29","slug":"a-propos-de-nous","status":"publish","type":"page","link":"https:\/\/island-hopping-croatia.com\/fr\/about-us\/","title":{"rendered":"A propos de nous"},"content":{"rendered":"<p>Ayant travaill\u00e9 dans l'industrie du tourisme pendant de nombreuses ann\u00e9es, j'ai eu envie de cr\u00e9er quelque chose de nouveau. <strong>vraiment unique<\/strong>La Croatie, reflet de mon esprit cr\u00e9atif, a toujours br\u00fbl\u00e9 en moi. La Croatie, une \u00e9ternelle<strong> destination estivale pr\u00e9f\u00e9r\u00e9e<\/strong>J'ai \u00e9t\u00e9 s\u00e9duite par ses plages de galets, ses eaux cristallines, son soleil abondant et sa cuisine d\u00e9licieuse.<\/p>\n\n\n\n<p>Cependant, en tant qu'aventuri\u00e8re, je cherche constamment \u00e0 impr\u00e9gner mes vacances d'une touche d'originalit\u00e9. <strong>des exp\u00e9riences distinctives<\/strong>. La Croatie <strong>littoral pittoresque<\/strong> et les \u00eeles constituent la toile de fond id\u00e9ale pour les aventures. C'est pourquoi le concept de vacances sur les \u00eeles croates m'a toujours enthousiasm\u00e9e. La cr\u00e9ation d'Island Hopping Croatia me permet de partager mon exp\u00e9rience de la vie en Croatie.<strong> connaissance approfondie<\/strong> de la Croatie et vous aider \u00e0 planifier vos vacances, comme je l'ai fait pour d'innombrables autres personnes.<\/p>\n\n\n\n<p>Nos circuits m\u00e9ticuleusement \u00e9labor\u00e9s sont le r\u00e9sultat de <strong>des ann\u00e9es de recherche et d'exp\u00e9rience<\/strong>. Nous sommes fiers de veiller \u00e0 ce que chacun de nos clients fasse un voyage m\u00e9morable et, peut-\u00eatre, devienne un voyageur r\u00e9gulier avec nous. <\/p>\n\n\n\n<figure class=\"wp-block-image size-full\"><img loading=\"lazy\" decoding=\"async\" width=\"700\" height=\"466\" src=\"https:\/\/island-hopping-croatia.com\/wp-content\/uploads\/island-x-.webp\" alt=\"\u00cele x\" class=\"wp-image-2162\" srcset=\"https:\/\/island-hopping-croatia.com\/wp-content\/uploads\/\/island-x-.webp 700w, https:\/\/island-hopping-croatia.com\/wp-content\/uploads\/\/island-x--300x200.webp 300w, https:\/\/island-hopping-croatia.com\/wp-content\/uploads\/\/island-x--18x12.webp 18w\" sizes=\"auto, (max-width: 700px) 100vw, 700px\" \/><figcaption class=\"wp-element-caption\">D\u00e9couvrez les joyaux cach\u00e9s de la Croatie avec nous<\/figcaption><\/figure>\n\n\n\n<h2 class=\"wp-block-heading\">Une \u00e9quipe d'experts en voyage<\/h2>\n\n\n\n<p>Au fil des ann\u00e9es, j'ai rassembl\u00e9 une <strong>une \u00e9quipe d\u00e9vou\u00e9e<\/strong> de personnes qui partagent la m\u00eame ferveur que moi pour les voyages. Ensemble, nous nous engageons \u00e0 aider les autres \u00e0 r\u00e9aliser leurs r\u00eaves. <strong>vacances de r\u00eave<\/strong>. Forts d'une vaste exp\u00e9rience dans le domaine du tourisme, nous avons rencontr\u00e9 et relev\u00e9 avec succ\u00e8s un large \u00e9ventail de d\u00e9fis.<\/p>\n\n\n\n<p>Nous sommes<strong> enti\u00e8rement pr\u00e9par\u00e9e<\/strong> pour faire face \u00e0 toute situation qui pourrait survenir. Notre mission premi\u00e8re est de rationaliser vos vacances sur les \u00eeles, en \u00e9liminant tout fardeau inutile et en garantissant des op\u00e9rations sans faille. Nous avons une volont\u00e9 in\u00e9branlable <strong>confiance<\/strong> dans notre capacit\u00e9 \u00e0 atteindre cet objectif, comme en t\u00e9moignent les milliers de clients satisfaits que nous avons servis jusqu'\u00e0 pr\u00e9sent.<\/p>\n\n\n\n<figure class=\"wp-block-image size-full\"><img loading=\"lazy\" decoding=\"async\" width=\"700\" height=\"466\" src=\"https:\/\/island-hopping-croatia.com\/wp-content\/uploads\/shutterstock-x-.webp\" alt=\"Shutterstock x\" class=\"wp-image-2163\" srcset=\"https:\/\/island-hopping-croatia.com\/wp-content\/uploads\/\/shutterstock-x-.webp 700w, https:\/\/island-hopping-croatia.com\/wp-content\/uploads\/\/shutterstock-x--300x200.webp 300w, https:\/\/island-hopping-croatia.com\/wp-content\/uploads\/\/shutterstock-x--18x12.webp 18w\" sizes=\"auto, (max-width: 700px) 100vw, 700px\" \/><figcaption class=\"wp-element-caption\">D\u00e9couvrez diff\u00e9rentes villes lors de notre exp\u00e9rience d'excursion sur l'\u00eele.<\/figcaption><\/figure>\n\n\n\n<h2 class=\"wp-block-heading\">R\u00e9servez votre aventure sur l'\u00eele !<\/h2>\n\n\n\n<p>Embarquez pour une aventure sur les \u00eeles le long de l'oc\u00e9an Atlantique. <strong>C\u00f4te adriatique <\/strong>ne pourrait \u00eatre plus simple. Choisissez le <strong>sans probl\u00e8me<\/strong> en r\u00e9servant l'un de nos circuits, et nous nous occuperons de tous les d\u00e9tails. Nous nous occuperons de tous les d\u00e9tails, de la r\u00e9servation de votre chambre pr\u00e9f\u00e9r\u00e9e au partage d'informations locales inestimables, en passant par l'extension de votre s\u00e9jour \u00e0 l'\u00e9tranger. <strong>une assistance 24 heures sur 24<\/strong>Nous avons tout ce qu'il vous faut.&nbsp;<\/p>\n\n\n\n<p>Parcourez notre collection des meilleurs circuits de d\u00e9couverte des \u00eeles de Croatie, s\u00e9lectionnez vos dates de voyage pr\u00e9f\u00e9r\u00e9es et contactez-nous pour lancer le processus de r\u00e9servation. Votre voyage commence en quelques clics !<\/p>\n\n\n\n<p>Si nos services ne vous conviennent pas, vous pouvez consulter nos partenaires, qui proposent tous des vacances inoubliables sur la c\u00f4te croate :<\/p>\n\n\n\n<ul class=\"wp-block-list\">\n<li><a href=\"https:\/\/croatiaislandcruises.com\/\">Croisi\u00e8res sur les \u00eeles de Croatie<\/a><\/li>\n\n\n\n<li><a href=\"https:\/\/luxuryyachtchartercroatia.com\/\">Location de bateaux de luxe en Croatie<\/a><\/li>\n\n\n\n<li><a href=\"https:\/\/croatia-gulet.com\/\">Gulet Croatie<\/a><\/li>\n\n\n\n<li><a href=\"https:\/\/smallshipcruisescroatia.com\/\">Petites croisi\u00e8res en Croatie<\/a><\/li>\n\n\n\n<li><a href=\"https:\/\/bikeandboatcroatia.com\/\">V\u00e9lo et bateau Croatie<\/a><\/li>\n<\/ul>\n\n\n\n<p>Il existe \u00e9galement d'autres fa\u00e7ons de profiter de la Croatie :<\/p>\n\n\n\n<ul class=\"wp-block-list\">\n<li><a href=\"https:\/\/croatia-tours.com\/\">Voyages en Croatie<\/a><\/li>\n\n\n\n<li><a href=\"https:\/\/activityholidayscroatia.com\/\">Vacances d'activit\u00e9s en Croatie<\/a><\/li>\n\n\n\n<li><a href=\"https:\/\/familyholidayscroatia.com\/\">Vacances en famille en Croatie<\/a><\/li>\n<\/ul>","protected":false},"excerpt":{"rendered":"<p>Ayant travaill\u00e9 dans l'industrie du tourisme pendant de nombreuses ann\u00e9es, mon d\u00e9sir de cr\u00e9er quelque chose de vraiment unique, refl\u00e9tant mon esprit cr\u00e9atif, a toujours br\u00fbl\u00e9 en moi. La Croatie, une des destinations estivales pr\u00e9f\u00e9r\u00e9es, m'a captiv\u00e9e avec ses plages de galets, ses eaux cristallines, son soleil abondant et sa cuisine d\u00e9lectable. Cependant, en tant qu'aventuri\u00e8re, je cherche constamment \u00e0 ... <a href=\"https:\/\/island-hopping-croatia.com\/fr\/about-us\/\">Suite<\/a><\/p>","protected":false},"author":38,"featured_media":2096,"parent":0,"menu_order":0,"comment_status":"open","ping_status":"open","template":"","meta":{"_acf_changed":false,"footnotes":""},"class_list":["post-39","page","type-page","status-publish","has-post-thumbnail","hentry"],"acf":{"page_subheading":"Welcome to Island hopping Croatia, where you can discover our mission, the story of our company's inception, and its evolution over the years."},"_links":{"self":[{"href":"https:\/\/island-hopping-croatia.com\/fr\/wp-json\/wp\/v2\/pages\/39","targetHints":{"allow":["GET"]}}],"collection":[{"href":"https:\/\/island-hopping-croatia.com\/fr\/wp-json\/wp\/v2\/pages"}],"about":[{"href":"https:\/\/island-hopping-croatia.com\/fr\/wp-json\/wp\/v2\/types\/page"}],"author":[{"embeddable":true,"href":"https:\/\/island-hopping-croatia.com\/fr\/wp-json\/wp\/v2\/users\/38"}],"replies":[{"embeddable":true,"href":"https:\/\/island-hopping-croatia.com\/fr\/wp-json\/wp\/v2\/comments?post=39"}],"version-history":[{"count":12,"href":"https:\/\/island-hopping-croatia.com\/fr\/wp-json\/wp\/v2\/pages\/39\/revisions"}],"predecessor-version":[{"id":7145,"href":"https:\/\/island-hopping-croatia.com\/fr\/wp-json\/wp\/v2\/pages\/39\/revisions\/7145"}],"wp:featuredmedia":[{"embeddable":true,"href":"https:\/\/island-hopping-croatia.com\/fr\/wp-json\/wp\/v2\/media\/2096"}],"wp:attachment":[{"href":"https:\/\/island-hopping-croatia.com\/fr\/wp-json\/wp\/v2\/media?parent=39"}],"curies":[{"name":"wp","href":"https:\/\/api.w.org\/{rel}","templated":true}]}}