{"id":39,"date":"2023-01-16T13:14:25","date_gmt":"2023-01-16T13:14:25","guid":{"rendered":"https:\/\/island-hopping-croatia.com\/about-us\/"},"modified":"2024-07-30T06:41:29","modified_gmt":"2024-07-30T06:41:29","slug":"uber-uns","status":"publish","type":"page","link":"https:\/\/island-hopping-croatia.com\/de\/about-us\/","title":{"rendered":"\u00dcber uns"},"content":{"rendered":"<p>Da ich viele Jahre in der Tourismusbranche gearbeitet habe, war es mein Wunsch, etwas zu schaffen. <strong>wirklich einzigartig<\/strong>die meinen kreativen Geist widerspiegelt, hat immer in mir gebrannt. Kroatien, ein Dauerbrenner<strong> beliebtes Sommerziel<\/strong>hat mich mit seinen Kieselstr\u00e4nden, kristallklarem Wasser, viel Sonne und einer k\u00f6stlichen K\u00fcche in seinen Bann gezogen.<\/p>\n\n\n\n<p>Als abenteuerlustige Seele versuche ich jedoch st\u00e4ndig, meinen Urlaub mit folgenden Elementen zu f\u00fcllen <strong>ausgepr\u00e4gte Erfahrungen<\/strong>. Kroatiens <strong>malerische K\u00fcstenlinie<\/strong> und Inseln bieten die perfekte Kulisse f\u00fcr Abenteuer. Daher hat mich das Konzept des Inselh\u00fcpfens in Kroatien schon immer begeistert. Die Gr\u00fcndung von Island Hopping Croatia erm\u00f6glicht es mir, meine<strong> profundes Wissen<\/strong> von Kroatien und helfe Ihnen bei der Planung Ihres Urlaubs, so wie ich es schon f\u00fcr unz\u00e4hlige andere getan habe.<\/p>\n\n\n\n<p>Unsere sorgf\u00e4ltig ausgearbeiteten Touren sind das Ergebnis von <strong>jahrelange Forschung und Erfahrung<\/strong>. Wir sind stolz darauf, sicherzustellen, dass jeder unserer Kunden eine unvergessliche Reise erlebt und vielleicht sogar wieder mit uns reist. <\/p>\n\n\n\n<figure class=\"wp-block-image size-full\"><img loading=\"lazy\" decoding=\"async\" width=\"700\" height=\"466\" src=\"https:\/\/island-hopping-croatia.com\/wp-content\/uploads\/island-x-.webp\" alt=\"Insel x\" class=\"wp-image-2162\" srcset=\"https:\/\/island-hopping-croatia.com\/wp-content\/uploads\/\/island-x-.webp 700w, https:\/\/island-hopping-croatia.com\/wp-content\/uploads\/\/island-x--300x200.webp 300w, https:\/\/island-hopping-croatia.com\/wp-content\/uploads\/\/island-x--18x12.webp 18w\" sizes=\"auto, (max-width: 700px) 100vw, 700px\" \/><figcaption class=\"wp-element-caption\">Entdecken Sie mit uns die versteckten Juwelen Kroatiens<\/figcaption><\/figure>\n\n\n\n<h2 class=\"wp-block-heading\">Ein Team von engagierten Reiseexperten<\/h2>\n\n\n\n<p>Im Laufe der Jahre habe ich eine Reihe von <strong>engagiertes Team<\/strong> von Menschen, die die gleiche Begeisterung f\u00fcr das Reisen teilen wie ich. Gemeinsam setzen wir uns daf\u00fcr ein, andere bei der Verwirklichung ihrer Ziele zu unterst\u00fctzen. <strong>Traumurlaube<\/strong>. Dank unserer langj\u00e4hrigen Erfahrung im Bereich des Tourismus haben wir eine Vielzahl von Herausforderungen erfolgreich bew\u00e4ltigt.<\/p>\n\n\n\n<p>Wir sind<strong> bestens vorbereitet<\/strong> um jede Situation zu meistern, die sich ergeben k\u00f6nnte. Unsere Hauptaufgabe ist es, Ihren Urlaub auf den Inseln zu optimieren, unn\u00f6tige Belastungen zu beseitigen und einen reibungslosen Ablauf zu gew\u00e4hrleisten. Wir haben unersch\u00fctterlich <strong>Vertrauen<\/strong> in unserer F\u00e4higkeit, dies zu erreichen, wie die Tausende von zufriedenen Kunden, die wir bisher betreut haben, beweisen.<\/p>\n\n\n\n<figure class=\"wp-block-image size-full\"><img loading=\"lazy\" decoding=\"async\" width=\"700\" height=\"466\" src=\"https:\/\/island-hopping-croatia.com\/wp-content\/uploads\/shutterstock-x-.webp\" alt=\"Shutterstock x\" class=\"wp-image-2163\" srcset=\"https:\/\/island-hopping-croatia.com\/wp-content\/uploads\/\/shutterstock-x-.webp 700w, https:\/\/island-hopping-croatia.com\/wp-content\/uploads\/\/shutterstock-x--300x200.webp 300w, https:\/\/island-hopping-croatia.com\/wp-content\/uploads\/\/shutterstock-x--18x12.webp 18w\" sizes=\"auto, (max-width: 700px) 100vw, 700px\" \/><figcaption class=\"wp-element-caption\">Entdecken Sie verschiedene St\u00e4dte auf unserem Insel-Hopping-Erlebnis<\/figcaption><\/figure>\n\n\n\n<h2 class=\"wp-block-heading\">Buchen Sie Ihr Insel-Hopping-Abenteuer!<\/h2>\n\n\n\n<p>Auf dem Weg zu einem Insel-Hopping-Abenteuer entlang der <strong>Adriak\u00fcste <\/strong>k\u00f6nnte nicht einfacher sein. W\u00e4hlen Sie die <strong>Problemlos<\/strong> buchen Sie eine unserer Touren und wir k\u00fcmmern uns um alle Details. Von der Sicherung Ihres bevorzugten Zimmers bis zum Austausch wertvoller lokaler Einblicke und der Erweiterung der <strong>Rund-um-die-Uhr-Support<\/strong>haben wir f\u00fcr Sie gesorgt.&nbsp;<\/p>\n\n\n\n<p>Schauen Sie sich unsere Sammlung der besten Inselhopping-Touren in Kroatien an, w\u00e4hlen Sie Ihre bevorzugten Reisedaten aus und kontaktieren Sie uns, um den Buchungsprozess einzuleiten. Ihre Reise beginnt mit nur ein paar Klicks!<\/p>\n\n\n\n<p>Wenn Sie das Gef\u00fchl haben, dass unsere Dienstleistungen nicht Ihren Vorstellungen entsprechen, k\u00f6nnen Sie sich bei unseren Partnern erkundigen, die alle einen unvergesslichen Urlaub an der kroatischen K\u00fcste anbieten:<\/p>\n\n\n\n<ul class=\"wp-block-list\">\n<li><a href=\"https:\/\/croatiaislandcruises.com\/\">Kroatien Inselkreuzfahrten<\/a><\/li>\n\n\n\n<li><a href=\"https:\/\/luxuryyachtchartercroatia.com\/\">Luxusyachtcharter Kroatien<\/a><\/li>\n\n\n\n<li><a href=\"https:\/\/croatia-gulet.com\/\">Kroatien Gulet<\/a><\/li>\n\n\n\n<li><a href=\"https:\/\/smallshipcruisescroatia.com\/\">Kleine Schiffskreuzfahrten Kroatien<\/a><\/li>\n\n\n\n<li><a href=\"https:\/\/bikeandboatcroatia.com\/\">Fahrrad und Boot Kroatien<\/a><\/li>\n<\/ul>\n\n\n\n<p>Und es gibt auch andere M\u00f6glichkeiten, Kroatien zu genie\u00dfen, die Sie ebenfalls in Betracht ziehen k\u00f6nnen:<\/p>\n\n\n\n<ul class=\"wp-block-list\">\n<li><a href=\"https:\/\/croatia-tours.com\/\">Kroatien Touren<\/a><\/li>\n\n\n\n<li><a href=\"https:\/\/activityholidayscroatia.com\/\">Aktivurlaub Kroatien<\/a><\/li>\n\n\n\n<li><a href=\"https:\/\/familyholidayscroatia.com\/\">Familienurlaub Kroatien<\/a><\/li>\n<\/ul>","protected":false},"excerpt":{"rendered":"<p>Da ich viele Jahre in der Tourismusbranche gearbeitet habe, war ich schon immer von dem Wunsch beseelt, etwas wirklich Einzigartiges zu schaffen, das meinen kreativen Geist widerspiegelt. Kroatien, ein immerw\u00e4hrendes Lieblingsreiseziel im Sommer, hat mich mit seinen Kieselstr\u00e4nden, kristallklarem Wasser, viel Sonne und k\u00f6stlicher K\u00fcche in seinen Bann gezogen. Als abenteuerlustige Seele bin ich jedoch st\u00e4ndig auf der Suche nach ... <a href=\"https:\/\/island-hopping-croatia.com\/de\/about-us\/\">Fortsetzung<\/a><\/p>","protected":false},"author":38,"featured_media":2096,"parent":0,"menu_order":0,"comment_status":"open","ping_status":"open","template":"","meta":{"_acf_changed":false,"footnotes":""},"class_list":["post-39","page","type-page","status-publish","has-post-thumbnail","hentry"],"acf":{"page_subheading":"Welcome to Island hopping Croatia, where you can discover our mission, the story of our company's inception, and its evolution over the years."},"_links":{"self":[{"href":"https:\/\/island-hopping-croatia.com\/de\/wp-json\/wp\/v2\/pages\/39","targetHints":{"allow":["GET"]}}],"collection":[{"href":"https:\/\/island-hopping-croatia.com\/de\/wp-json\/wp\/v2\/pages"}],"about":[{"href":"https:\/\/island-hopping-croatia.com\/de\/wp-json\/wp\/v2\/types\/page"}],"author":[{"embeddable":true,"href":"https:\/\/island-hopping-croatia.com\/de\/wp-json\/wp\/v2\/users\/38"}],"replies":[{"embeddable":true,"href":"https:\/\/island-hopping-croatia.com\/de\/wp-json\/wp\/v2\/comments?post=39"}],"version-history":[{"count":12,"href":"https:\/\/island-hopping-croatia.com\/de\/wp-json\/wp\/v2\/pages\/39\/revisions"}],"predecessor-version":[{"id":7145,"href":"https:\/\/island-hopping-croatia.com\/de\/wp-json\/wp\/v2\/pages\/39\/revisions\/7145"}],"wp:featuredmedia":[{"embeddable":true,"href":"https:\/\/island-hopping-croatia.com\/de\/wp-json\/wp\/v2\/media\/2096"}],"wp:attachment":[{"href":"https:\/\/island-hopping-croatia.com\/de\/wp-json\/wp\/v2\/media?parent=39"}],"curies":[{"name":"wp","href":"https:\/\/api.w.org\/{rel}","templated":true}]}}